{"id":14,"date":"2018-11-07T07:50:49","date_gmt":"2018-11-07T07:50:49","guid":{"rendered":"https:\/\/psy-frick.ch\/mp\/?page_id=14"},"modified":"2026-02-10T18:12:51","modified_gmt":"2026-02-10T18:12:51","slug":"kontakt-anmeldung","status":"publish","type":"page","link":"https:\/\/psy-frick.ch\/mp\/kontakt-anmeldung\/","title":{"rendered":"Kontakt &#8211; Anmeldung"},"content":{"rendered":"<p>&nbsp;<\/p>\n<p>Haben Sie Fragen und w\u00fcrden diese gerne am Telefon stellen? Gerne rufe ich Sie f\u00fcr ein unverbindliches Gespr\u00e4ch an.<\/p>\n<p>Ich freue mich auf Ihre Kontaktaufnahme!<br \/>\n<span style=\"font-size: 1rem;\">Ronja Frick<\/span><\/p>\n<p>Mindful Parenting Kursort: B\u00e4lliz 64, 3600 Thun (6. Stock)<\/p>\n<p><strong><a href=\"mailto:ronja.frick@fsp-hin.ch?subject=Kontaktaufnahme&amp;body=%0A%0A%0A%0AIhre%20Nachricht%3A%0A%0AWohnort%3A%0A%0AEvtl.%20Telefonnummer%3A\">ronja.frick@fsp-hin.ch<\/a><\/strong><\/p>\n<p>&nbsp;<\/p>\n<p>&nbsp;<\/p>\n\n<div class=\"wpcf7 no-js\" id=\"wpcf7-f7-o1\" lang=\"de-DE\" dir=\"ltr\">\n<div class=\"screen-reader-response\"><p role=\"status\" aria-live=\"polite\" aria-atomic=\"true\"><\/p> <ul><\/ul><\/div>\n<form action=\"\/mp\/wp-json\/wp\/v2\/pages\/14#wpcf7-f7-o1\" method=\"post\" class=\"wpcf7-form init\" aria-label=\"Kontaktformular\" novalidate=\"novalidate\" data-status=\"init\">\n<div style=\"display: none;\">\n<input type=\"hidden\" name=\"_wpcf7\" value=\"7\" \/>\n<input type=\"hidden\" name=\"_wpcf7_version\" value=\"5.8\" \/>\n<input type=\"hidden\" name=\"_wpcf7_locale\" value=\"de_DE\" \/>\n<input type=\"hidden\" name=\"_wpcf7_unit_tag\" value=\"wpcf7-f7-o1\" \/>\n<input type=\"hidden\" name=\"_wpcf7_container_post\" value=\"0\" \/>\n<input type=\"hidden\" name=\"_wpcf7_posted_data_hash\" value=\"\" \/>\n<\/div>\n<p><label>Name *<br \/>\n<span class=\"wpcf7-form-control-wrap\" data-name=\"Name\"><input size=\"40\" class=\"wpcf7-form-control wpcf7-text wpcf7-validates-as-required\" aria-required=\"true\" aria-invalid=\"false\" value=\"\" type=\"text\" name=\"Name\" \/><\/span> <\/label>\n<\/p>\n<p><label>Vorname *<br \/>\n<span class=\"wpcf7-form-control-wrap\" data-name=\"Vorname\"><input size=\"40\" class=\"wpcf7-form-control wpcf7-text wpcf7-validates-as-required\" aria-required=\"true\" aria-invalid=\"false\" value=\"\" type=\"text\" name=\"Vorname\" \/><\/span> <\/label>\n<\/p>\n<p><label>Adresse *<br \/>\n<span class=\"wpcf7-form-control-wrap\" data-name=\"Adresse\"><input size=\"40\" class=\"wpcf7-form-control wpcf7-text wpcf7-validates-as-required\" aria-required=\"true\" aria-invalid=\"false\" value=\"\" type=\"text\" name=\"Adresse\" \/><\/span> <\/label>\n<\/p>\n<p><label>PLZ *<br \/>\n<span class=\"wpcf7-form-control-wrap\" data-name=\"PLZ\"><input size=\"40\" class=\"wpcf7-form-control wpcf7-text wpcf7-validates-as-required\" aria-required=\"true\" aria-invalid=\"false\" value=\"\" type=\"text\" name=\"PLZ\" \/><\/span> <\/label>\n<\/p>\n<p><label>Ort *<br \/>\n<span class=\"wpcf7-form-control-wrap\" data-name=\"Ort\"><input size=\"40\" class=\"wpcf7-form-control wpcf7-text wpcf7-validates-as-required\" aria-required=\"true\" aria-invalid=\"false\" value=\"\" type=\"text\" name=\"Ort\" \/><\/span> <\/label>\n<\/p>\n<p><label>E-Mail *<br \/>\n<span class=\"wpcf7-form-control-wrap\" data-name=\"email\"><input size=\"40\" class=\"wpcf7-form-control wpcf7-email wpcf7-validates-as-required wpcf7-text wpcf7-validates-as-email\" aria-required=\"true\" aria-invalid=\"false\" value=\"\" type=\"email\" name=\"email\" \/><\/span> <\/label>\n<\/p>\n<p><label> Telefon *<br \/>\n<span class=\"wpcf7-form-control-wrap\" data-name=\"Telefon\"><input size=\"40\" class=\"wpcf7-form-control wpcf7-tel wpcf7-validates-as-required wpcf7-text wpcf7-validates-as-tel\" aria-required=\"true\" aria-invalid=\"false\" value=\"\" type=\"tel\" name=\"Telefon\" \/><\/span> <\/label>\n<\/p>\n<p><label> Nachricht *<br \/>\n<span class=\"wpcf7-form-control-wrap\" data-name=\"Nachricht\"><textarea cols=\"40\" rows=\"10\" class=\"wpcf7-form-control wpcf7-textarea\" aria-invalid=\"false\" name=\"Nachricht\"><\/textarea><\/span> <\/label>\n<\/p>\n<p><input class=\"wpcf7-form-control wpcf7-submit has-spinner\" type=\"submit\" value=\"Senden\" \/>\n<\/p><div class=\"wpcf7-response-output\" aria-hidden=\"true\"><\/div>\n<\/form>\n<\/div>\n\n","protected":false},"excerpt":{"rendered":"<p>&nbsp; Haben Sie Fragen und w\u00fcrden diese gerne am Telefon stellen? Gerne rufe ich Sie f\u00fcr ein unverbindliches Gespr\u00e4ch an. Ich freue mich auf Ihre Kontaktaufnahme! Ronja Frick Mindful Parenting Kursort: B\u00e4lliz 64, 3600 Thun (6. Stock) ronja.frick@fsp-hin.ch &nbsp; &nbsp;<\/p>\n","protected":false},"author":1,"featured_media":0,"parent":0,"menu_order":70,"comment_status":"closed","ping_status":"closed","template":"","meta":{"_mi_skip_tracking":false,"_exactmetrics_sitenote_active":false,"_exactmetrics_sitenote_note":"","_exactmetrics_sitenote_category":0,"footnotes":""},"class_list":["post-14","page","type-page","status-publish","hentry"],"yoast_head":"<!-- This site is optimized with the Yoast SEO plugin v21.0 - https:\/\/yoast.com\/wordpress\/plugins\/seo\/ -->\n<title>Kontakt - Anmeldung - Mindful Parenting Kurs in Thun<\/title>\n<meta name=\"robots\" content=\"index, follow, max-snippet:-1, max-image-preview:large, max-video-preview:-1\" \/>\n<link rel=\"canonical\" href=\"https:\/\/psy-frick.ch\/mp\/kontakt-anmeldung\/\" \/>\n<meta property=\"og:locale\" content=\"de_DE\" \/>\n<meta property=\"og:type\" content=\"article\" \/>\n<meta property=\"og:title\" content=\"Kontakt - Anmeldung - Mindful Parenting Kurs in Thun\" \/>\n<meta property=\"og:description\" content=\"&nbsp; Haben Sie Fragen und w\u00fcrden diese gerne am Telefon stellen? Gerne rufe ich Sie f\u00fcr ein unverbindliches Gespr\u00e4ch an. Ich freue mich auf Ihre Kontaktaufnahme! Ronja Frick Mindful Parenting Kursort: B\u00e4lliz 64, 3600 Thun (6. Stock) ronja.frick@fsp-hin.ch &nbsp; &nbsp;\" \/>\n<meta property=\"og:url\" content=\"https:\/\/psy-frick.ch\/mp\/kontakt-anmeldung\/\" \/>\n<meta property=\"og:site_name\" content=\"Mindful Parenting\" \/>\n<meta property=\"article:modified_time\" content=\"2026-02-10T18:12:51+00:00\" \/>\n<meta name=\"twitter:card\" content=\"summary_large_image\" \/>\n<meta name=\"twitter:label1\" content=\"Gesch\u00e4tzte Lesezeit\" \/>\n\t<meta name=\"twitter:data1\" content=\"1\u00a0Minute\" \/>\n<script type=\"application\/ld+json\" class=\"yoast-schema-graph\">{\"@context\":\"https:\/\/schema.org\",\"@graph\":[{\"@type\":\"WebPage\",\"@id\":\"https:\/\/psy-frick.ch\/mp\/kontakt-anmeldung\/\",\"url\":\"https:\/\/psy-frick.ch\/mp\/kontakt-anmeldung\/\",\"name\":\"Kontakt - Anmeldung - Mindful Parenting Kurs in Thun\",\"isPartOf\":{\"@id\":\"https:\/\/psy-frick.ch\/mp\/#website\"},\"datePublished\":\"2018-11-07T07:50:49+00:00\",\"dateModified\":\"2026-02-10T18:12:51+00:00\",\"breadcrumb\":{\"@id\":\"https:\/\/psy-frick.ch\/mp\/kontakt-anmeldung\/#breadcrumb\"},\"inLanguage\":\"de\",\"potentialAction\":[{\"@type\":\"ReadAction\",\"target\":[\"https:\/\/psy-frick.ch\/mp\/kontakt-anmeldung\/\"]}]},{\"@type\":\"BreadcrumbList\",\"@id\":\"https:\/\/psy-frick.ch\/mp\/kontakt-anmeldung\/#breadcrumb\",\"itemListElement\":[{\"@type\":\"ListItem\",\"position\":1,\"name\":\"Startseite\",\"item\":\"https:\/\/psy-frick.ch\/mp\/\"},{\"@type\":\"ListItem\",\"position\":2,\"name\":\"Kontakt &#8211; Anmeldung\"}]},{\"@type\":\"WebSite\",\"@id\":\"https:\/\/psy-frick.ch\/mp\/#website\",\"url\":\"https:\/\/psy-frick.ch\/mp\/\",\"name\":\"Mindful Parenting\",\"description\":\"Achtsamkeit, Stressbew\u00e4ltigung und Selbstf\u00fcrsorge f\u00fcr Eltern\",\"potentialAction\":[{\"@type\":\"SearchAction\",\"target\":{\"@type\":\"EntryPoint\",\"urlTemplate\":\"https:\/\/psy-frick.ch\/mp\/?s={search_term_string}\"},\"query-input\":\"required name=search_term_string\"}],\"inLanguage\":\"de\"}]}<\/script>\n<!-- \/ Yoast SEO plugin. -->","yoast_head_json":{"title":"Kontakt - Anmeldung - Mindful Parenting Kurs in Thun","robots":{"index":"index","follow":"follow","max-snippet":"max-snippet:-1","max-image-preview":"max-image-preview:large","max-video-preview":"max-video-preview:-1"},"canonical":"https:\/\/psy-frick.ch\/mp\/kontakt-anmeldung\/","og_locale":"de_DE","og_type":"article","og_title":"Kontakt - Anmeldung - Mindful Parenting Kurs in Thun","og_description":"&nbsp; Haben Sie Fragen und w\u00fcrden diese gerne am Telefon stellen? Gerne rufe ich Sie f\u00fcr ein unverbindliches Gespr\u00e4ch an. Ich freue mich auf Ihre Kontaktaufnahme! Ronja Frick Mindful Parenting Kursort: B\u00e4lliz 64, 3600 Thun (6. Stock) ronja.frick@fsp-hin.ch &nbsp; &nbsp;","og_url":"https:\/\/psy-frick.ch\/mp\/kontakt-anmeldung\/","og_site_name":"Mindful Parenting","article_modified_time":"2026-02-10T18:12:51+00:00","twitter_card":"summary_large_image","twitter_misc":{"Gesch\u00e4tzte Lesezeit":"1\u00a0Minute"},"schema":{"@context":"https:\/\/schema.org","@graph":[{"@type":"WebPage","@id":"https:\/\/psy-frick.ch\/mp\/kontakt-anmeldung\/","url":"https:\/\/psy-frick.ch\/mp\/kontakt-anmeldung\/","name":"Kontakt - Anmeldung - Mindful Parenting Kurs in Thun","isPartOf":{"@id":"https:\/\/psy-frick.ch\/mp\/#website"},"datePublished":"2018-11-07T07:50:49+00:00","dateModified":"2026-02-10T18:12:51+00:00","breadcrumb":{"@id":"https:\/\/psy-frick.ch\/mp\/kontakt-anmeldung\/#breadcrumb"},"inLanguage":"de","potentialAction":[{"@type":"ReadAction","target":["https:\/\/psy-frick.ch\/mp\/kontakt-anmeldung\/"]}]},{"@type":"BreadcrumbList","@id":"https:\/\/psy-frick.ch\/mp\/kontakt-anmeldung\/#breadcrumb","itemListElement":[{"@type":"ListItem","position":1,"name":"Startseite","item":"https:\/\/psy-frick.ch\/mp\/"},{"@type":"ListItem","position":2,"name":"Kontakt &#8211; Anmeldung"}]},{"@type":"WebSite","@id":"https:\/\/psy-frick.ch\/mp\/#website","url":"https:\/\/psy-frick.ch\/mp\/","name":"Mindful Parenting","description":"Achtsamkeit, Stressbew\u00e4ltigung und Selbstf\u00fcrsorge f\u00fcr Eltern","potentialAction":[{"@type":"SearchAction","target":{"@type":"EntryPoint","urlTemplate":"https:\/\/psy-frick.ch\/mp\/?s={search_term_string}"},"query-input":"required name=search_term_string"}],"inLanguage":"de"}]}},"_links":{"self":[{"href":"https:\/\/psy-frick.ch\/mp\/wp-json\/wp\/v2\/pages\/14","targetHints":{"allow":["GET"]}}],"collection":[{"href":"https:\/\/psy-frick.ch\/mp\/wp-json\/wp\/v2\/pages"}],"about":[{"href":"https:\/\/psy-frick.ch\/mp\/wp-json\/wp\/v2\/types\/page"}],"author":[{"embeddable":true,"href":"https:\/\/psy-frick.ch\/mp\/wp-json\/wp\/v2\/users\/1"}],"replies":[{"embeddable":true,"href":"https:\/\/psy-frick.ch\/mp\/wp-json\/wp\/v2\/comments?post=14"}],"version-history":[{"count":28,"href":"https:\/\/psy-frick.ch\/mp\/wp-json\/wp\/v2\/pages\/14\/revisions"}],"predecessor-version":[{"id":86829,"href":"https:\/\/psy-frick.ch\/mp\/wp-json\/wp\/v2\/pages\/14\/revisions\/86829"}],"wp:attachment":[{"href":"https:\/\/psy-frick.ch\/mp\/wp-json\/wp\/v2\/media?parent=14"}],"curies":[{"name":"wp","href":"https:\/\/api.w.org\/{rel}","templated":true}]}}