{"id":12,"date":"2018-11-07T07:50:49","date_gmt":"2018-11-07T07:50:49","guid":{"rendered":"https:\/\/psy-frick.ch\/mp\/?page_id=12"},"modified":"2026-02-10T18:09:10","modified_gmt":"2026-02-10T18:09:10","slug":"startseite","status":"publish","type":"page","link":"https:\/\/psy-frick.ch\/mp\/","title":{"rendered":"ER-LEBE ACHTSAMKEIT IM ALLTAG MIT KINDERN"},"content":{"rendered":"<p><span style=\"font-size: 14pt;\"><strong>HERZLICH WILLKOMMEN<\/strong><\/span><\/p>\n<p><strong><span style=\"font-size: 14pt;\">Wo\u00a0wir\u00a0achtsam leben,<br \/>\n<\/span><\/strong><strong><span style=\"font-size: 14pt;\">leben wir liebend,<br \/>\nleben wir!<\/span><br \/>\n<\/strong><span style=\"font-size: 10pt;\"><strong>Monika Minder<\/strong><\/span><\/p>\n<p><img loading=\"lazy\" decoding=\"async\" class=\"alignnone size-full wp-image-236\" style=\"font-size: 1rem;\" src=\"https:\/\/psy-frick.ch\/mp\/wp-content\/uploads\/2018\/12\/mutter-und-tochter.jpg\" alt=\"\" width=\"1000\" height=\"500\" srcset=\"https:\/\/psy-frick.ch\/mp\/wp-content\/uploads\/2018\/12\/mutter-und-tochter.jpg 1000w, https:\/\/psy-frick.ch\/mp\/wp-content\/uploads\/2018\/12\/mutter-und-tochter-300x150.jpg 300w, https:\/\/psy-frick.ch\/mp\/wp-content\/uploads\/2018\/12\/mutter-und-tochter-768x384.jpg 768w\" sizes=\"auto, (max-width: 706px) 89vw, (max-width: 767px) 82vw, 740px\" \/><\/p>\n<p><span style=\"font-size: 14pt;\"><strong>Achtsamkeitstraining f\u00fcr Eltern<\/strong><\/span><\/p>\n<hr \/>\n<p><b>Haben Sie je\u00a0<\/b><\/p>\n<ul>\n<li>als Mutter oder Vater ersch\u00f6pft gedacht &#8222;das schaffe ich nie, ich bin an meinen Grenzen.&#8220;<\/li>\n<li>Momente erlebt, wo Sie in der Rolle als Mutter oder Vater \u00abv\u00f6llig ausser sich reagiert haben\u00bb und sp\u00e4ter an Schuldgef\u00fchlen gegen\u00fcber Ihrem Kind gelitten haben?<\/li>\n<li>gedacht &#8222;ich bin keine gute Mutter, kein guter Vater..&#8220;<\/li>\n<li>ein schlechtes Gewissen gehabt, wie Sie als Vater oder Mutter gegen\u00fcber Ihrem Kind f\u00fchlen oder handeln?<\/li>\n<\/ul>\n<p><strong>M\u00f6chten Sie<\/strong><\/p>\n<ul>\n<li>Ihr Familienleben entschleunigen?<\/li>\n<li>mit mehr Gelassenheit und innerer Ruhe durch den turbulenten Alltag?<\/li>\n<li>die sch\u00f6nen Augenblicke mit Ihrem Kind voll und ganz erleben und geniessen?<\/li>\n<li>auch in schwierigen Momenten (z.B. bei einem Konflikt oder Wutanfall) mit Ihrem Kind verbunden bleiben und beziehungsf\u00f6rdernd reagieren?<\/li>\n<li>Ihre Eltern-Kind-Bindung vertiefen?<\/li>\n<li>mit herausfordernden Gef\u00fchlen und Stress konstruktiv umgehen k\u00f6nnen?<\/li>\n<li>aus Reaktionsmustern ausbrechen und neue Wege gehen?<\/li>\n<li>gemeinsam mit Ihrem Kind wachsen?<\/li>\n<\/ul>\n<p><span style=\"font-size: 14pt;\"><strong>Dann k\u00f6nnte ein Mindful Parenting-Kurs etwas f\u00fcr Sie sein!<\/strong><\/span><\/p>\n<a class=\"maxbutton-2 maxbutton maxbutton-erfahrungsberichte-lesen\" href=\"mp\/erfahrungsberichte\/\"><span class='mb-text'>Erfahrungsberichte lesen<\/span><\/a>\n<p>&nbsp;<\/p>\n<hr \/>\n<p><strong><a href=\"https:\/\/psy-frick.ch\/mp\/was-ist-mindful-parenting\/\">Mindful Parenting Kurs<\/a>:<\/strong><\/p>\n<p><span style=\"color: #339966; font-size: 18pt;\"><strong>Es wird fr\u00fchestens im Herbst 2027 erneut ein Mindful Parenting &#8211; Kurs stattfinden. Weitere Informationen folgen.<\/strong><\/span><\/p>\n<p><a href=\"https:\/\/psy-frick.ch\/mp\/kursangebot\/\">Kursdaten anschauen<\/a><\/p>\n<p>&nbsp;<\/p>\n<p>&nbsp;<\/p>\n<p>&nbsp;<\/p>\n","protected":false},"excerpt":{"rendered":"<p>HERZLICH WILLKOMMEN Wo\u00a0wir\u00a0achtsam leben, leben wir liebend, leben wir! Monika Minder Achtsamkeitstraining f\u00fcr Eltern Haben Sie je\u00a0 als Mutter oder Vater ersch\u00f6pft gedacht &#8222;das schaffe ich nie, ich bin an meinen Grenzen.&#8220; Momente erlebt, wo Sie in der Rolle als Mutter oder Vater \u00abv\u00f6llig ausser sich reagiert haben\u00bb und sp\u00e4ter an Schuldgef\u00fchlen gegen\u00fcber Ihrem Kind &hellip; <\/p>\n<p class=\"link-more\"><a href=\"https:\/\/psy-frick.ch\/mp\/\" class=\"more-link\"><span class=\"screen-reader-text\">\u201eER-LEBE ACHTSAMKEIT IM ALLTAG MIT KINDERN\u201c<\/span> weiterlesen<\/a><\/p>\n","protected":false},"author":1,"featured_media":0,"parent":0,"menu_order":5,"comment_status":"closed","ping_status":"closed","template":"","meta":{"_mi_skip_tracking":false,"_exactmetrics_sitenote_active":false,"_exactmetrics_sitenote_note":"","_exactmetrics_sitenote_category":0,"footnotes":""},"class_list":["post-12","page","type-page","status-publish","hentry"],"yoast_head":"<!-- This site is optimized with the Yoast SEO plugin v21.0 - https:\/\/yoast.com\/wordpress\/plugins\/seo\/ -->\n<title>Achtsamkeit, Stressbew\u00e4ltigung, Selbstf\u00fcrsorge f\u00fcr Eltern - Kursabende<\/title>\n<meta name=\"description\" content=\"MIndful Parenting: Wie wir in unserem Familienleben mehr Raum f\u00fcr Liebe, Mitgef\u00fchl, Freude und Verbundenheit schaffen k\u00f6nnen.\" \/>\n<meta name=\"robots\" content=\"index, follow, max-snippet:-1, max-image-preview:large, max-video-preview:-1\" \/>\n<link rel=\"canonical\" href=\"https:\/\/psy-frick.ch\/mp\/\" \/>\n<meta property=\"og:locale\" content=\"de_DE\" \/>\n<meta property=\"og:type\" content=\"article\" \/>\n<meta property=\"og:title\" content=\"Achtsamkeit, Stressbew\u00e4ltigung, Selbstf\u00fcrsorge f\u00fcr Eltern - Kursabende\" \/>\n<meta property=\"og:description\" content=\"MIndful Parenting: Wie wir in unserem Familienleben mehr Raum f\u00fcr Liebe, Mitgef\u00fchl, Freude und Verbundenheit schaffen k\u00f6nnen.\" \/>\n<meta property=\"og:url\" content=\"https:\/\/psy-frick.ch\/mp\/\" \/>\n<meta property=\"og:site_name\" content=\"Mindful Parenting\" \/>\n<meta property=\"article:modified_time\" content=\"2026-02-10T18:09:10+00:00\" \/>\n<meta property=\"og:image\" content=\"https:\/\/psy-frick.ch\/mp\/wp-content\/uploads\/2018\/12\/mutter-und-tochter.jpg\" \/>\n<meta name=\"twitter:card\" content=\"summary_large_image\" \/>\n<meta name=\"twitter:label1\" content=\"Gesch\u00e4tzte Lesezeit\" \/>\n\t<meta name=\"twitter:data1\" content=\"2\u00a0Minuten\" \/>\n<script type=\"application\/ld+json\" class=\"yoast-schema-graph\">{\"@context\":\"https:\/\/schema.org\",\"@graph\":[{\"@type\":\"WebPage\",\"@id\":\"https:\/\/psy-frick.ch\/mp\/\",\"url\":\"https:\/\/psy-frick.ch\/mp\/\",\"name\":\"Achtsamkeit, Stressbew\u00e4ltigung, Selbstf\u00fcrsorge f\u00fcr Eltern - Kursabende\",\"isPartOf\":{\"@id\":\"https:\/\/psy-frick.ch\/mp\/#website\"},\"datePublished\":\"2018-11-07T07:50:49+00:00\",\"dateModified\":\"2026-02-10T18:09:10+00:00\",\"description\":\"MIndful Parenting: Wie wir in unserem Familienleben mehr Raum f\u00fcr Liebe, Mitgef\u00fchl, Freude und Verbundenheit schaffen k\u00f6nnen.\",\"breadcrumb\":{\"@id\":\"https:\/\/psy-frick.ch\/mp\/#breadcrumb\"},\"inLanguage\":\"de\",\"potentialAction\":[{\"@type\":\"ReadAction\",\"target\":[\"https:\/\/psy-frick.ch\/mp\/\"]}]},{\"@type\":\"BreadcrumbList\",\"@id\":\"https:\/\/psy-frick.ch\/mp\/#breadcrumb\",\"itemListElement\":[{\"@type\":\"ListItem\",\"position\":1,\"name\":\"Startseite\",\"item\":\"https:\/\/psy-frick.ch\/mp\/\"},{\"@type\":\"ListItem\",\"position\":2,\"name\":\"ER-LEBE ACHTSAMKEIT IM ALLTAG MIT KINDERN\"}]},{\"@type\":\"WebSite\",\"@id\":\"https:\/\/psy-frick.ch\/mp\/#website\",\"url\":\"https:\/\/psy-frick.ch\/mp\/\",\"name\":\"Mindful Parenting\",\"description\":\"Achtsamkeit, Stressbew\u00e4ltigung und Selbstf\u00fcrsorge f\u00fcr Eltern\",\"potentialAction\":[{\"@type\":\"SearchAction\",\"target\":{\"@type\":\"EntryPoint\",\"urlTemplate\":\"https:\/\/psy-frick.ch\/mp\/?s={search_term_string}\"},\"query-input\":\"required name=search_term_string\"}],\"inLanguage\":\"de\"}]}<\/script>\n<!-- \/ Yoast SEO plugin. -->","yoast_head_json":{"title":"Achtsamkeit, Stressbew\u00e4ltigung, Selbstf\u00fcrsorge f\u00fcr Eltern - Kursabende","description":"MIndful Parenting: Wie wir in unserem Familienleben mehr Raum f\u00fcr Liebe, Mitgef\u00fchl, Freude und Verbundenheit schaffen k\u00f6nnen.","robots":{"index":"index","follow":"follow","max-snippet":"max-snippet:-1","max-image-preview":"max-image-preview:large","max-video-preview":"max-video-preview:-1"},"canonical":"https:\/\/psy-frick.ch\/mp\/","og_locale":"de_DE","og_type":"article","og_title":"Achtsamkeit, Stressbew\u00e4ltigung, Selbstf\u00fcrsorge f\u00fcr Eltern - Kursabende","og_description":"MIndful Parenting: Wie wir in unserem Familienleben mehr Raum f\u00fcr Liebe, Mitgef\u00fchl, Freude und Verbundenheit schaffen k\u00f6nnen.","og_url":"https:\/\/psy-frick.ch\/mp\/","og_site_name":"Mindful Parenting","article_modified_time":"2026-02-10T18:09:10+00:00","og_image":[{"url":"https:\/\/psy-frick.ch\/mp\/wp-content\/uploads\/2018\/12\/mutter-und-tochter.jpg"}],"twitter_card":"summary_large_image","twitter_misc":{"Gesch\u00e4tzte Lesezeit":"2\u00a0Minuten"},"schema":{"@context":"https:\/\/schema.org","@graph":[{"@type":"WebPage","@id":"https:\/\/psy-frick.ch\/mp\/","url":"https:\/\/psy-frick.ch\/mp\/","name":"Achtsamkeit, Stressbew\u00e4ltigung, Selbstf\u00fcrsorge f\u00fcr Eltern - Kursabende","isPartOf":{"@id":"https:\/\/psy-frick.ch\/mp\/#website"},"datePublished":"2018-11-07T07:50:49+00:00","dateModified":"2026-02-10T18:09:10+00:00","description":"MIndful Parenting: Wie wir in unserem Familienleben mehr Raum f\u00fcr Liebe, Mitgef\u00fchl, Freude und Verbundenheit schaffen k\u00f6nnen.","breadcrumb":{"@id":"https:\/\/psy-frick.ch\/mp\/#breadcrumb"},"inLanguage":"de","potentialAction":[{"@type":"ReadAction","target":["https:\/\/psy-frick.ch\/mp\/"]}]},{"@type":"BreadcrumbList","@id":"https:\/\/psy-frick.ch\/mp\/#breadcrumb","itemListElement":[{"@type":"ListItem","position":1,"name":"Startseite","item":"https:\/\/psy-frick.ch\/mp\/"},{"@type":"ListItem","position":2,"name":"ER-LEBE ACHTSAMKEIT IM ALLTAG MIT KINDERN"}]},{"@type":"WebSite","@id":"https:\/\/psy-frick.ch\/mp\/#website","url":"https:\/\/psy-frick.ch\/mp\/","name":"Mindful Parenting","description":"Achtsamkeit, Stressbew\u00e4ltigung und Selbstf\u00fcrsorge f\u00fcr Eltern","potentialAction":[{"@type":"SearchAction","target":{"@type":"EntryPoint","urlTemplate":"https:\/\/psy-frick.ch\/mp\/?s={search_term_string}"},"query-input":"required name=search_term_string"}],"inLanguage":"de"}]}},"_links":{"self":[{"href":"https:\/\/psy-frick.ch\/mp\/wp-json\/wp\/v2\/pages\/12","targetHints":{"allow":["GET"]}}],"collection":[{"href":"https:\/\/psy-frick.ch\/mp\/wp-json\/wp\/v2\/pages"}],"about":[{"href":"https:\/\/psy-frick.ch\/mp\/wp-json\/wp\/v2\/types\/page"}],"author":[{"embeddable":true,"href":"https:\/\/psy-frick.ch\/mp\/wp-json\/wp\/v2\/users\/1"}],"replies":[{"embeddable":true,"href":"https:\/\/psy-frick.ch\/mp\/wp-json\/wp\/v2\/comments?post=12"}],"version-history":[{"count":62,"href":"https:\/\/psy-frick.ch\/mp\/wp-json\/wp\/v2\/pages\/12\/revisions"}],"predecessor-version":[{"id":86827,"href":"https:\/\/psy-frick.ch\/mp\/wp-json\/wp\/v2\/pages\/12\/revisions\/86827"}],"wp:attachment":[{"href":"https:\/\/psy-frick.ch\/mp\/wp-json\/wp\/v2\/media?parent=12"}],"curies":[{"name":"wp","href":"https:\/\/api.w.org\/{rel}","templated":true}]}}